{"id":102,"date":"2020-09-23T19:35:40","date_gmt":"2020-09-23T19:35:40","guid":{"rendered":"http:\/\/stericleanx.com\/?page_id=102"},"modified":"2020-10-06T19:20:25","modified_gmt":"2020-10-06T19:20:25","slug":"elementor-102","status":"publish","type":"page","link":"https:\/\/stericleanx.com\/index.php\/elementor-102\/","title":{"rendered":"Potema"},"content":{"rendered":"\t\t<div data-elementor-type=\"wp-page\" data-elementor-id=\"102\" class=\"elementor elementor-102\" data-elementor-settings=\"[]\">\n\t\t\t\t\t\t<div class=\"elementor-inner\">\n\t\t\t\t\t\t\t<div class=\"elementor-section-wrap\">\n\t\t\t\t\t\t\t<section class=\"elementor-section elementor-top-section elementor-element elementor-element-5661296 elementor-section-boxed elementor-section-height-default elementor-section-height-default\" data-id=\"5661296\" data-element_type=\"section\">\n\t\t\t\t\t\t<div class=\"elementor-container elementor-column-gap-default\">\n\t\t\t\t\t\t\t<div class=\"elementor-row\">\n\t\t\t\t\t<div class=\"elementor-column elementor-col-100 elementor-top-column elementor-element elementor-element-8985154\" data-id=\"8985154\" data-element_type=\"column\">\n\t\t\t<div class=\"elementor-column-wrap elementor-element-populated\">\n\t\t\t\t\t\t\t<div class=\"elementor-widget-wrap\">\n\t\t\t\t\t\t<div class=\"elementor-element elementor-element-6d1f256 elementor-invisible elementor-widget elementor-widget-heading\" data-id=\"6d1f256\" data-element_type=\"widget\" data-settings=\"{&quot;_animation&quot;:&quot;fadeInLeft&quot;}\" data-widget_type=\"heading.default\">\n\t\t\t\t<div class=\"elementor-widget-container\">\n\t\t\t<h3 class=\"elementor-heading-title elementor-size-default\"><a href=\"https:\/\/www.potema.de\/en\">POTEMA \u00ae<\/a><\/h3>\t\t<\/div>\n\t\t\t\t<\/div>\n\t\t\t\t<div class=\"elementor-element elementor-element-b9a3d85 elementor-invisible elementor-widget elementor-widget-heading\" data-id=\"b9a3d85\" data-element_type=\"widget\" data-settings=\"{&quot;_animation&quot;:&quot;fadeInLeft&quot;,&quot;_animation_delay&quot;:300}\" data-widget_type=\"heading.default\">\n\t\t\t\t<div class=\"elementor-widget-container\">\n\t\t\t<h2 class=\"elementor-heading-title elementor-size-default\">L\u00edder mundial en sistemas de higienizaci\u00f3n<\/h2>\t\t<\/div>\n\t\t\t\t<\/div>\n\t\t\t\t\t\t<\/div>\n\t\t\t\t\t<\/div>\n\t\t<\/div>\n\t\t\t\t\t\t\t\t<\/div>\n\t\t\t\t\t<\/div>\n\t\t<\/section>\n\t\t\t\t<section class=\"elementor-section elementor-top-section elementor-element elementor-element-6a5c20f elementor-section-boxed elementor-section-height-default elementor-section-height-default elementor-invisible\" data-id=\"6a5c20f\" data-element_type=\"section\" data-settings=\"{&quot;animation&quot;:&quot;fadeInLeft&quot;}\">\n\t\t\t\t\t\t<div class=\"elementor-container elementor-column-gap-default\">\n\t\t\t\t\t\t\t<div class=\"elementor-row\">\n\t\t\t\t\t<div class=\"elementor-column elementor-col-50 elementor-top-column elementor-element elementor-element-8a3d030\" data-id=\"8a3d030\" data-element_type=\"column\">\n\t\t\t<div class=\"elementor-column-wrap elementor-element-populated\">\n\t\t\t\t\t\t\t<div class=\"elementor-widget-wrap\">\n\t\t\t\t\t\t<div class=\"elementor-element elementor-element-91fe243 elementor-widget elementor-widget-text-editor\" data-id=\"91fe243\" data-element_type=\"widget\" data-widget_type=\"text-editor.default\">\n\t\t\t\t<div class=\"elementor-widget-container\">\n\t\t\t\t\t\t\t\t<div class=\"elementor-text-editor elementor-clearfix\">\n\t\t\t\t<p>Mediante vibraciones de alta frecuencia, se desprenden las part\u00edculas en el interior del colch\u00f3n, se pulverizan, se aspiran y se complementa con protecci\u00f3n UV<\/p>\t\t\t\t\t<\/div>\n\t\t\t\t\t\t<\/div>\n\t\t\t\t<\/div>\n\t\t\t\t\t\t<\/div>\n\t\t\t\t\t<\/div>\n\t\t<\/div>\n\t\t\t\t<div class=\"elementor-column elementor-col-50 elementor-top-column elementor-element elementor-element-92236c9\" data-id=\"92236c9\" data-element_type=\"column\">\n\t\t\t<div class=\"elementor-column-wrap elementor-element-populated\">\n\t\t\t\t\t\t\t<div class=\"elementor-widget-wrap\">\n\t\t\t\t\t\t<div class=\"elementor-element elementor-element-98f1214 elementor-widget elementor-widget-image\" data-id=\"98f1214\" data-element_type=\"widget\" data-widget_type=\"image.default\">\n\t\t\t\t<div class=\"elementor-widget-container\">\n\t\t\t\t\t\t\t\t<div class=\"elementor-image\">\n\t\t\t\t\t\t\t\t\t\t\t\t<img width=\"330\" height=\"330\" src=\"https:\/\/stericleanx.com\/wp-content\/uploads\/2020\/09\/Maschine_q1_330px.jpg\" class=\"attachment-full size-full\" alt=\"\" srcset=\"https:\/\/stericleanx.com\/wp-content\/uploads\/2020\/09\/Maschine_q1_330px.jpg 330w, https:\/\/stericleanx.com\/wp-content\/uploads\/2020\/09\/Maschine_q1_330px-300x300.jpg 300w, https:\/\/stericleanx.com\/wp-content\/uploads\/2020\/09\/Maschine_q1_330px-150x150.jpg 150w\" sizes=\"(max-width: 34.9rem) calc(100vw - 2rem), (max-width: 53rem) calc(8 * (100vw \/ 12)), (min-width: 53rem) calc(6 * (100vw \/ 12)), 100vw\" \/>\t\t\t\t\t\t\t\t\t\t\t\t\t\t<\/div>\n\t\t\t\t\t\t<\/div>\n\t\t\t\t<\/div>\n\t\t\t\t\t\t<\/div>\n\t\t\t\t\t<\/div>\n\t\t<\/div>\n\t\t\t\t\t\t\t\t<\/div>\n\t\t\t\t\t<\/div>\n\t\t<\/section>\n\t\t\t\t<section class=\"elementor-section elementor-top-section elementor-element elementor-element-71af0d2 elementor-section-full_width elementor-section-height-default elementor-section-height-default\" data-id=\"71af0d2\" data-element_type=\"section\">\n\t\t\t\t\t\t<div class=\"elementor-container elementor-column-gap-no\">\n\t\t\t\t\t\t\t<div class=\"elementor-row\">\n\t\t\t\t\t<div class=\"elementor-column elementor-col-100 elementor-top-column elementor-element elementor-element-4a218cd\" data-id=\"4a218cd\" data-element_type=\"column\">\n\t\t\t<div class=\"elementor-column-wrap elementor-element-populated\">\n\t\t\t\t\t\t\t<div class=\"elementor-widget-wrap\">\n\t\t\t\t\t\t<div class=\"elementor-element elementor-element-3b56ded elementor-widget elementor-widget-shortcode\" data-id=\"3b56ded\" data-element_type=\"widget\" data-widget_type=\"shortcode.default\">\n\t\t\t\t<div class=\"elementor-widget-container\">\n\t\t\t\t\t<div class=\"elementor-shortcode\">\n    <div id=\"parallax_container149\" class=\"parallax-window-container adamrob_parallax_fullwidth \">\n\n<section id=\"parallax_149\" class=\"adamrob_parallax adamrob_parallax_fullwidth  \" style=\"height:399px; background-image: url(https:\/\/stericleanx.com\/wp-content\/uploads\/2020\/09\/hotel-room-scaled.jpg); background-size: cover;\" speed=\"0\">\n\n\n\t<div id=\"parallax_149_content\" class=\"adamrob_pcontainer\" style=\"height:399px;\">\n\n\n\t\t<table style=\"width:100%; height:100%; border-style:none; margin:0;\">\n\t\t\t<tr>\n\t\t\t\t<td class=\"parallax-header\" style=\"text-align:left; vertical-align:top; padding:20px; border-style:none;\">\n\t\t\t\t\t<div id=\"parallax_149_posttitle\" class=\"adamrob_parallax_posttitle\" style=\"\">\n\t\t\t\t\t\t\t\t\t\t\t<\/div>\n\t\t\t\t<\/td>\n\t\t\t<\/tr>\n\t\t<\/table>\n\n\t\n\n\t<\/div>\n\n<\/section>\n\t\n\t\t    <\/div>\n\t<\/div>\n\t\t\t\t<\/div>\n\t\t\t\t<\/div>\n\t\t\t\t\t\t<\/div>\n\t\t\t\t\t<\/div>\n\t\t<\/div>\n\t\t\t\t\t\t\t\t<\/div>\n\t\t\t\t\t<\/div>\n\t\t<\/section>\n\t\t\t\t<section class=\"elementor-section elementor-top-section elementor-element elementor-element-3bd979c elementor-section-full_width elementor-section-height-default elementor-section-height-default elementor-invisible\" data-id=\"3bd979c\" data-element_type=\"section\" data-settings=\"{&quot;background_background&quot;:&quot;classic&quot;,&quot;animation&quot;:&quot;fadeInRight&quot;}\">\n\t\t\t\t\t\t<div class=\"elementor-container elementor-column-gap-no\">\n\t\t\t\t\t\t\t<div class=\"elementor-row\">\n\t\t\t\t\t<div class=\"elementor-column elementor-col-100 elementor-top-column elementor-element elementor-element-0092499\" data-id=\"0092499\" data-element_type=\"column\">\n\t\t\t<div class=\"elementor-column-wrap elementor-element-populated\">\n\t\t\t\t\t\t\t<div class=\"elementor-widget-wrap\">\n\t\t\t\t\t\t<div class=\"elementor-element elementor-element-c284b68 elementor-widget elementor-widget-text-editor\" data-id=\"c284b68\" data-element_type=\"widget\" data-widget_type=\"text-editor.default\">\n\t\t\t\t<div class=\"elementor-widget-container\">\n\t\t\t\t\t\t\t\t<div class=\"elementor-text-editor elementor-clearfix\">\n\t\t\t\t<p>POTEMA\u00ae Es un sistema de limpieza de colchones <strong>patentado mundialmente.<\/strong><\/p>\t\t\t\t\t<\/div>\n\t\t\t\t\t\t<\/div>\n\t\t\t\t<\/div>\n\t\t\t\t\t\t<\/div>\n\t\t\t\t\t<\/div>\n\t\t<\/div>\n\t\t\t\t\t\t\t\t<\/div>\n\t\t\t\t\t<\/div>\n\t\t<\/section>\n\t\t\t\t<section class=\"elementor-section elementor-top-section elementor-element elementor-element-e1ddad7 elementor-section-boxed elementor-section-height-default elementor-section-height-default elementor-invisible\" data-id=\"e1ddad7\" data-element_type=\"section\" data-settings=\"{&quot;animation&quot;:&quot;fadeInRight&quot;}\">\n\t\t\t\t\t\t<div class=\"elementor-container elementor-column-gap-default\">\n\t\t\t\t\t\t\t<div class=\"elementor-row\">\n\t\t\t\t\t<div class=\"elementor-column elementor-col-50 elementor-top-column elementor-element elementor-element-e3030bf\" data-id=\"e3030bf\" data-element_type=\"column\">\n\t\t\t<div class=\"elementor-column-wrap elementor-element-populated\">\n\t\t\t\t\t\t\t<div class=\"elementor-widget-wrap\">\n\t\t\t\t\t\t<div class=\"elementor-element elementor-element-bc2e8ba elementor-widget elementor-widget-image\" data-id=\"bc2e8ba\" data-element_type=\"widget\" data-widget_type=\"image.default\">\n\t\t\t\t<div class=\"elementor-widget-container\">\n\t\t\t\t\t\t\t\t<div class=\"elementor-image\">\n\t\t\t\t\t\t\t\t\t\t\t\t<img width=\"492\" height=\"467\" src=\"https:\/\/stericleanx.com\/wp-content\/uploads\/2020\/09\/Screenshot_2020-09-23-STERICLEAN-cdr-2-PORTAFOLIO-JULIO-2018-pdf.png\" class=\"attachment-full size-full\" alt=\"\" srcset=\"https:\/\/stericleanx.com\/wp-content\/uploads\/2020\/09\/Screenshot_2020-09-23-STERICLEAN-cdr-2-PORTAFOLIO-JULIO-2018-pdf.png 492w, https:\/\/stericleanx.com\/wp-content\/uploads\/2020\/09\/Screenshot_2020-09-23-STERICLEAN-cdr-2-PORTAFOLIO-JULIO-2018-pdf-300x285.png 300w\" sizes=\"(max-width: 34.9rem) calc(100vw - 2rem), (max-width: 53rem) calc(8 * (100vw \/ 12)), (min-width: 53rem) calc(6 * (100vw \/ 12)), 100vw\" \/>\t\t\t\t\t\t\t\t\t\t\t\t\t\t<\/div>\n\t\t\t\t\t\t<\/div>\n\t\t\t\t<\/div>\n\t\t\t\t\t\t<\/div>\n\t\t\t\t\t<\/div>\n\t\t<\/div>\n\t\t\t\t<div class=\"elementor-column elementor-col-50 elementor-top-column elementor-element elementor-element-db87210\" data-id=\"db87210\" data-element_type=\"column\">\n\t\t\t<div class=\"elementor-column-wrap elementor-element-populated\">\n\t\t\t\t\t\t\t<div class=\"elementor-widget-wrap\">\n\t\t\t\t\t\t<div class=\"elementor-element elementor-element-c40ca72 elementor-widget elementor-widget-text-editor\" data-id=\"c40ca72\" data-element_type=\"widget\" data-widget_type=\"text-editor.default\">\n\t\t\t\t<div class=\"elementor-widget-container\">\n\t\t\t\t\t\t\t\t<div class=\"elementor-text-editor elementor-clearfix\">\n\t\t\t\t<p>La mejor desinfecci\u00f3n sin productos qu\u00edmicos utilizada en hogares, cl\u00ednicas, hospitales, etc. desde hace m\u00e1s de 15 a\u00f1os.<\/p>\t\t\t\t\t<\/div>\n\t\t\t\t\t\t<\/div>\n\t\t\t\t<\/div>\n\t\t\t\t\t\t<\/div>\n\t\t\t\t\t<\/div>\n\t\t<\/div>\n\t\t\t\t\t\t\t\t<\/div>\n\t\t\t\t\t<\/div>\n\t\t<\/section>\n\t\t\t\t<section class=\"elementor-section elementor-top-section elementor-element elementor-element-209afb3 elementor-section-full_width elementor-section-height-default elementor-section-height-default\" data-id=\"209afb3\" data-element_type=\"section\">\n\t\t\t\t\t\t<div class=\"elementor-container elementor-column-gap-no\">\n\t\t\t\t\t\t\t<div class=\"elementor-row\">\n\t\t\t\t\t<div class=\"elementor-column elementor-col-100 elementor-top-column elementor-element elementor-element-cfbcd98\" data-id=\"cfbcd98\" data-element_type=\"column\">\n\t\t\t<div class=\"elementor-column-wrap elementor-element-populated\">\n\t\t\t\t\t\t\t<div class=\"elementor-widget-wrap\">\n\t\t\t\t\t\t<div class=\"elementor-element elementor-element-12b8d24 elementor-widget elementor-widget-image\" data-id=\"12b8d24\" data-element_type=\"widget\" data-widget_type=\"image.default\">\n\t\t\t\t<div class=\"elementor-widget-container\">\n\t\t\t\t\t\t\t\t<div class=\"elementor-image\">\n\t\t\t\t\t\t\t\t\t\t\t\t<img width=\"1170\" height=\"274\" src=\"https:\/\/stericleanx.com\/wp-content\/uploads\/2020\/09\/Frau_Maschine_1170px.jpg\" class=\"attachment-full size-full\" alt=\"\" srcset=\"https:\/\/stericleanx.com\/wp-content\/uploads\/2020\/09\/Frau_Maschine_1170px.jpg 1170w, https:\/\/stericleanx.com\/wp-content\/uploads\/2020\/09\/Frau_Maschine_1170px-300x70.jpg 300w, https:\/\/stericleanx.com\/wp-content\/uploads\/2020\/09\/Frau_Maschine_1170px-1024x240.jpg 1024w, https:\/\/stericleanx.com\/wp-content\/uploads\/2020\/09\/Frau_Maschine_1170px-768x180.jpg 768w\" sizes=\"(max-width: 34.9rem) calc(100vw - 2rem), (max-width: 53rem) calc(8 * (100vw \/ 12)), (min-width: 53rem) calc(6 * (100vw \/ 12)), 100vw\" \/>\t\t\t\t\t\t\t\t\t\t\t\t\t\t<\/div>\n\t\t\t\t\t\t<\/div>\n\t\t\t\t<\/div>\n\t\t\t\t\t\t<\/div>\n\t\t\t\t\t<\/div>\n\t\t<\/div>\n\t\t\t\t\t\t\t\t<\/div>\n\t\t\t\t\t<\/div>\n\t\t<\/section>\n\t\t\t\t\t\t<\/div>\n\t\t\t\t\t\t<\/div>\n\t\t\t\t\t<\/div>\n\t\t","protected":false},"excerpt":{"rendered":"<p>POTEMA \u00ae L\u00edder mundial en sistemas de higienizaci\u00f3n Mediante vibraciones de alta frecuencia, se desprenden las part\u00edculas en el interior del colch\u00f3n, se pulverizan, se aspiran y se complementa con protecci\u00f3n UV POTEMA\u00ae Es un sistema de limpieza de colchones patentado mundialmente. La mejor desinfecci\u00f3n sin productos qu\u00edmicos utilizada en hogares, cl\u00ednicas, hospitales, etc. desde [&hellip;]<\/p>\n","protected":false},"author":1,"featured_media":0,"parent":0,"menu_order":0,"comment_status":"closed","ping_status":"closed","template":"elementor_header_footer","meta":[],"_links":{"self":[{"href":"https:\/\/stericleanx.com\/index.php\/wp-json\/wp\/v2\/pages\/102"}],"collection":[{"href":"https:\/\/stericleanx.com\/index.php\/wp-json\/wp\/v2\/pages"}],"about":[{"href":"https:\/\/stericleanx.com\/index.php\/wp-json\/wp\/v2\/types\/page"}],"author":[{"embeddable":true,"href":"https:\/\/stericleanx.com\/index.php\/wp-json\/wp\/v2\/users\/1"}],"replies":[{"embeddable":true,"href":"https:\/\/stericleanx.com\/index.php\/wp-json\/wp\/v2\/comments?post=102"}],"version-history":[{"count":26,"href":"https:\/\/stericleanx.com\/index.php\/wp-json\/wp\/v2\/pages\/102\/revisions"}],"predecessor-version":[{"id":394,"href":"https:\/\/stericleanx.com\/index.php\/wp-json\/wp\/v2\/pages\/102\/revisions\/394"}],"wp:attachment":[{"href":"https:\/\/stericleanx.com\/index.php\/wp-json\/wp\/v2\/media?parent=102"}],"curies":[{"name":"wp","href":"https:\/\/api.w.org\/{rel}","templated":true}]}}